{"id":1143,"date":"2021-11-25T15:44:01","date_gmt":"2021-11-25T14:44:01","guid":{"rendered":"https:\/\/www.joannanowicka.com\/shop\/?page_id=1143"},"modified":"2024-05-17T09:16:58","modified_gmt":"2024-05-17T07:16:58","slug":"wysylka-i-platnosci","status":"publish","type":"page","link":"https:\/\/www.joannanowicka.com\/shop\/wysylka-i-platnosci\/","title":{"rendered":"wysy\u0142ka i p\u0142atno\u015bci"},"content":{"rendered":"\t\t<div data-elementor-type=\"wp-page\" data-elementor-id=\"1143\" class=\"elementor elementor-1143\">\n\t\t\t\t\t\t<section class=\"elementor-section elementor-top-section elementor-element elementor-element-bf240ae elementor-section-boxed elementor-section-height-default elementor-section-height-default\" data-id=\"bf240ae\" data-element_type=\"section\">\n\t\t\t\t\t\t<div class=\"elementor-container elementor-column-gap-default\">\n\t\t\t\t\t<div class=\"elementor-column elementor-col-100 elementor-top-column elementor-element elementor-element-1e230d4\" data-id=\"1e230d4\" data-element_type=\"column\">\n\t\t\t<div class=\"elementor-widget-wrap elementor-element-populated\">\n\t\t\t\t\t\t<div class=\"elementor-element elementor-element-719a73d elementor-widget elementor-widget-spacer\" data-id=\"719a73d\" data-element_type=\"widget\" data-widget_type=\"spacer.default\">\n\t\t\t\t<div class=\"elementor-widget-container\">\n\t\t\t\t\t\t\t<div class=\"elementor-spacer\">\n\t\t\t<div class=\"elementor-spacer-inner\"><\/div>\n\t\t<\/div>\n\t\t\t\t\t\t<\/div>\n\t\t\t\t<\/div>\n\t\t\t\t<div class=\"elementor-element elementor-element-cc41c6d elementor-widget elementor-widget-heading\" data-id=\"cc41c6d\" data-element_type=\"widget\" data-widget_type=\"heading.default\">\n\t\t\t\t<div class=\"elementor-widget-container\">\n\t\t\t\t\t<h2 class=\"elementor-heading-title elementor-size-default\">Wysy\u0142ka<\/h2>\t\t\t\t<\/div>\n\t\t\t\t<\/div>\n\t\t\t\t<div class=\"elementor-element elementor-element-7380674 elementor-widget elementor-widget-text-editor\" data-id=\"7380674\" data-element_type=\"widget\" data-widget_type=\"text-editor.default\">\n\t\t\t\t<div class=\"elementor-widget-container\">\n\t\t\t\t\t\t\t\t\t<p>Pami\u0119taj prosz\u0119, \u017ce moje produkty drukowane s\u0105 w ma\u0142ych nak\u0142adach lub na zam\u00f3wienie, co mo\u017ce wp\u0142yn\u0105\u0107 na termin realizacji wysy\u0142ki. Oczywi\u015bcie do\u0142o\u017c\u0119 wszelkich stara\u0144 by by\u0142o to jak najszybciej.<\/p><p>Wysy\u0142ki realizuj\u0119 od poniedzia\u0142ku do pi\u0105tku, za po\u015brednictwem paczkomat\u00f3w InPost lub Poczty Polskiej \u2013 list priorytetowy (kartka i voucher).<\/p><p>Koszty wysy\u0142ki:<br \/>&#8211; kartka wys\u0142ana poczt\u0105 listem priorytetowym \u2013 5,80 z\u0142<\/p><p>&#8211; paczka z plakatem w tubie wys\u0142ana do paczkomatu InPost\u2013 16,00 z\u0142<\/p><p>Do zam\u00f3wienia powy\u017cej 350 z\u0142 przesy\u0142ka jest na m\u00f3j koszt.<\/p><p>W celu wys\u0142ania przesy\u0142ki za granic\u0119, skontaktuj si\u0119 ze mn\u0105 mailowo: shop@joannanowicka.com<\/p><p>Plakaty pakuj\u0119 w tekturowe tuby, kt\u00f3re zabezpieczaj\u0105 papier przed zagnieceniami, kartki i voucher w twardy kartonik (zu\u017cywam zapasy z r\u00f3\u017cnych opakowa\u0144) lub kopert\u0119 z b\u0105belkami. Tuby dodatkowo owijam foli\u0105, by uchroni\u0107 papier i tektur\u0119 przed wilgoci\u0105.<\/p><p>Je\u015bli zamawiasz voucher na ostatni\u0105 chwil\u0119, mog\u0119 go wys\u0142a\u0107 mailowo, w formie cyfrowej. Drukuj\u0119 go na pi\u0119knym papierze, prezentuje si\u0119 wspaniale, wi\u0119c do\u0142\u00f3\u017c prosz\u0119 stara\u0144, by starczy\u0142o czasu na wysy\u0142k\u0119 orygina\u0142u &#8211; preferuj\u0119 t\u0119 opcj\u0119.\u00a0<\/p>\t\t\t\t\t\t\t\t<\/div>\n\t\t\t\t<\/div>\n\t\t\t\t\t<\/div>\n\t\t<\/div>\n\t\t\t\t\t<\/div>\n\t\t<\/section>\n\t\t\t\t<section class=\"elementor-section elementor-top-section elementor-element elementor-element-b33c8d0 elementor-section-boxed elementor-section-height-default elementor-section-height-default\" data-id=\"b33c8d0\" data-element_type=\"section\">\n\t\t\t\t\t\t<div class=\"elementor-container elementor-column-gap-default\">\n\t\t\t\t\t<div class=\"elementor-column elementor-col-100 elementor-top-column elementor-element elementor-element-8cec20f\" data-id=\"8cec20f\" data-element_type=\"column\">\n\t\t\t<div class=\"elementor-widget-wrap elementor-element-populated\">\n\t\t\t\t\t\t<div class=\"elementor-element elementor-element-71ec9c9 elementor-widget elementor-widget-heading\" data-id=\"71ec9c9\" data-element_type=\"widget\" data-widget_type=\"heading.default\">\n\t\t\t\t<div class=\"elementor-widget-container\">\n\t\t\t\t\t<h2 class=\"elementor-heading-title elementor-size-default\">Formy p\u0142atno\u015bci<\/h2>\t\t\t\t<\/div>\n\t\t\t\t<\/div>\n\t\t\t\t<div class=\"elementor-element elementor-element-3e452b8 elementor-widget elementor-widget-text-editor\" data-id=\"3e452b8\" data-element_type=\"widget\" data-widget_type=\"text-editor.default\">\n\t\t\t\t<div class=\"elementor-widget-container\">\n\t\t\t\t\t\t\t\t\t<p>W moim sklepie dost\u0119pne s\u0105 p\u0142atno\u015bci online za po\u015brednictwem Przelewy24.<br \/>Us\u0142uga nie pobiera dodatkowej op\u0142aty.<br \/>Mo\u017cesz r\u00f3wnie\u017c zap\u0142aci\u0107 tradycyjnym przelewem \u2013 w takiej sytuacji czekam na niego do 7 dni od z\u0142o\u017cenia zam\u00f3wienia w sklepie, po tym terminie anuluj\u0119 zam\u00f3wienie.<br \/>W tytule przelewu podaj numer zam\u00f3wienia lub imi\u0119 i nazwisko.<\/p><p>Dane do przelewu:<br \/><strong>Studio Portretowe Joanna Nowicka<\/strong><br \/><strong>61 1140 2004 0000 3402 4475 3252<\/strong><\/p>\t\t\t\t\t\t\t\t<\/div>\n\t\t\t\t<\/div>\n\t\t\t\t\t<\/div>\n\t\t<\/div>\n\t\t\t\t\t<\/div>\n\t\t<\/section>\n\t\t\t\t<\/div>\n\t\t","protected":false},"excerpt":{"rendered":"<p>Wysy\u0142ka Pami\u0119taj prosz\u0119, \u017ce moje produkty drukowane s\u0105 w ma\u0142ych nak\u0142adach lub na zam\u00f3wienie, co mo\u017ce wp\u0142yn\u0105\u0107 na termin realizacji wysy\u0142ki. Oczywi\u015bcie do\u0142o\u017c\u0119 wszelkich stara\u0144 by by\u0142o to jak najszybciej. Wysy\u0142ki realizuj\u0119 od poniedzia\u0142ku do pi\u0105tku, za po\u015brednictwem paczkomat\u00f3w InPost lub Poczty Polskiej \u2013 list priorytetowy (kartka i voucher). Koszty wysy\u0142ki:&#8211; kartka wys\u0142ana poczt\u0105 listem &hellip;<\/p>\n<p class=\"read-more\"> <a class=\"\" href=\"https:\/\/www.joannanowicka.com\/shop\/wysylka-i-platnosci\/\"> <span class=\"screen-reader-text\">wysy\u0142ka i p\u0142atno\u015bci<\/span> Read More &raquo;<\/a><\/p>\n","protected":false},"author":1,"featured_media":0,"parent":0,"menu_order":0,"comment_status":"closed","ping_status":"closed","template":"","meta":{"footnotes":""},"class_list":["post-1143","page","type-page","status-publish","hentry"],"_links":{"self":[{"href":"https:\/\/www.joannanowicka.com\/shop\/wp-json\/wp\/v2\/pages\/1143","targetHints":{"allow":["GET"]}}],"collection":[{"href":"https:\/\/www.joannanowicka.com\/shop\/wp-json\/wp\/v2\/pages"}],"about":[{"href":"https:\/\/www.joannanowicka.com\/shop\/wp-json\/wp\/v2\/types\/page"}],"author":[{"embeddable":true,"href":"https:\/\/www.joannanowicka.com\/shop\/wp-json\/wp\/v2\/users\/1"}],"replies":[{"embeddable":true,"href":"https:\/\/www.joannanowicka.com\/shop\/wp-json\/wp\/v2\/comments?post=1143"}],"version-history":[{"count":34,"href":"https:\/\/www.joannanowicka.com\/shop\/wp-json\/wp\/v2\/pages\/1143\/revisions"}],"predecessor-version":[{"id":1295,"href":"https:\/\/www.joannanowicka.com\/shop\/wp-json\/wp\/v2\/pages\/1143\/revisions\/1295"}],"wp:attachment":[{"href":"https:\/\/www.joannanowicka.com\/shop\/wp-json\/wp\/v2\/media?parent=1143"}],"curies":[{"name":"wp","href":"https:\/\/api.w.org\/{rel}","templated":true}]}}