{"id":1158,"date":"2021-11-25T15:58:06","date_gmt":"2021-11-25T14:58:06","guid":{"rendered":"https:\/\/www.joannanowicka.com\/shop\/?page_id=1158"},"modified":"2025-07-17T10:40:28","modified_gmt":"2025-07-17T08:40:28","slug":"kontakt","status":"publish","type":"page","link":"https:\/\/www.joannanowicka.com\/shop\/kontakt\/","title":{"rendered":"Kontakt"},"content":{"rendered":"\t\t<div data-elementor-type=\"wp-page\" data-elementor-id=\"1158\" class=\"elementor elementor-1158\">\n\t\t\t\t\t\t<section class=\"elementor-section elementor-top-section elementor-element elementor-element-10c6ad3 elementor-section-boxed elementor-section-height-default elementor-section-height-default\" data-id=\"10c6ad3\" data-element_type=\"section\">\n\t\t\t\t\t\t<div class=\"elementor-container elementor-column-gap-default\">\n\t\t\t\t\t<div class=\"elementor-column elementor-col-50 elementor-top-column elementor-element elementor-element-ec28212\" data-id=\"ec28212\" data-element_type=\"column\">\n\t\t\t<div class=\"elementor-widget-wrap elementor-element-populated\">\n\t\t\t\t\t\t<div class=\"elementor-element elementor-element-535b035 elementor-widget elementor-widget-text-editor\" data-id=\"535b035\" data-element_type=\"widget\" data-widget_type=\"text-editor.default\">\n\t\t\t\t<div class=\"elementor-widget-container\">\n\t\t\t\t\t\t\t\t\t<p style=\"text-align: left;\">Je\u015bli masz jakiekolwiek pytania dotycz\u0105ce produkt\u00f3w w sklepie, napisz do mnie lub zadzwo\u0144 (poniedzia\u0142ek &#8211; pi\u0105tek, w godzinach 9.00 &#8211; 17.00).<\/p><p style=\"text-align: left;\"><em>If you have any questions about the products in the shop, please feel free to email or call me (Monday &#8211; Friday, 9am &#8211; 5pm).<\/em><\/p><p style=\"text-align: left;\"><a href=\"tel:+48 506 316 314\">+48 506 316 314<\/a><br \/><a href=\"mailto:shop@joannanowicka.com\">shop@joannanowicka.com<\/a><\/p><p>\u00a0<\/p><p>NIP 6342484085<\/p>\t\t\t\t\t\t\t\t<\/div>\n\t\t\t\t<\/div>\n\t\t\t\t\t<\/div>\n\t\t<\/div>\n\t\t\t\t<div class=\"elementor-column elementor-col-50 elementor-top-column elementor-element elementor-element-8012166\" data-id=\"8012166\" data-element_type=\"column\">\n\t\t\t<div class=\"elementor-widget-wrap elementor-element-populated\">\n\t\t\t\t\t\t<div class=\"elementor-element elementor-element-2386101 elementor-widget elementor-widget-heading\" data-id=\"2386101\" data-element_type=\"widget\" data-widget_type=\"heading.default\">\n\t\t\t\t<div class=\"elementor-widget-container\">\n\t\t\t\t\t<h4 class=\"elementor-heading-title elementor-size-default\">Joanna Nowicka Com<\/h4>\t\t\t\t<\/div>\n\t\t\t\t<\/div>\n\t\t\t\t<div class=\"elementor-element elementor-element-7d815e3 e-grid-align-left elementor-shape-rounded elementor-grid-0 elementor-widget elementor-widget-social-icons\" data-id=\"7d815e3\" data-element_type=\"widget\" data-widget_type=\"social-icons.default\">\n\t\t\t\t<div class=\"elementor-widget-container\">\n\t\t\t\t\t\t\t<div class=\"elementor-social-icons-wrapper elementor-grid\">\n\t\t\t\t\t\t\t<span class=\"elementor-grid-item\">\n\t\t\t\t\t<a class=\"elementor-icon elementor-social-icon elementor-social-icon-facebook elementor-repeater-item-7e0c504\" href=\"https:\/\/www.facebook.com\/JoannaNowickaFotografiaProfesjonalna\" target=\"_blank\">\n\t\t\t\t\t\t<span class=\"elementor-screen-only\">Facebook<\/span>\n\t\t\t\t\t\t<i class=\"fab fa-facebook\"><\/i>\t\t\t\t\t<\/a>\n\t\t\t\t<\/span>\n\t\t\t\t\t\t\t<span class=\"elementor-grid-item\">\n\t\t\t\t\t<a class=\"elementor-icon elementor-social-icon elementor-social-icon-instagram elementor-repeater-item-96bedac\" href=\"http:\/\/www.instagram.com\/joanna_nowicka_fotografia\" target=\"_blank\">\n\t\t\t\t\t\t<span class=\"elementor-screen-only\">Instagram<\/span>\n\t\t\t\t\t\t<i class=\"fab fa-instagram\"><\/i>\t\t\t\t\t<\/a>\n\t\t\t\t<\/span>\n\t\t\t\t\t\t\t<span class=\"elementor-grid-item\">\n\t\t\t\t\t<a class=\"elementor-icon elementor-social-icon elementor-social-icon-youtube elementor-repeater-item-592cc1c\" href=\"https:\/\/www.youtube.com\/channel\/UCvLBCCuDFJrk05r5UaX9WeA\" target=\"_blank\">\n\t\t\t\t\t\t<span class=\"elementor-screen-only\">Youtube<\/span>\n\t\t\t\t\t\t<i class=\"fab fa-youtube\"><\/i>\t\t\t\t\t<\/a>\n\t\t\t\t<\/span>\n\t\t\t\t\t<\/div>\n\t\t\t\t\t\t<\/div>\n\t\t\t\t<\/div>\n\t\t\t\t<div class=\"elementor-element elementor-element-89afcb2 elementor-widget elementor-widget-heading\" data-id=\"89afcb2\" data-element_type=\"widget\" data-widget_type=\"heading.default\">\n\t\t\t\t<div class=\"elementor-widget-container\">\n\t\t\t\t\t<h4 class=\"elementor-heading-title elementor-size-default\">One People Story Com<\/h4>\t\t\t\t<\/div>\n\t\t\t\t<\/div>\n\t\t\t\t<div class=\"elementor-element elementor-element-d2f483e e-grid-align-left elementor-shape-rounded elementor-grid-0 elementor-widget elementor-widget-social-icons\" data-id=\"d2f483e\" data-element_type=\"widget\" data-widget_type=\"social-icons.default\">\n\t\t\t\t<div class=\"elementor-widget-container\">\n\t\t\t\t\t\t\t<div class=\"elementor-social-icons-wrapper elementor-grid\">\n\t\t\t\t\t\t\t<span class=\"elementor-grid-item\">\n\t\t\t\t\t<a class=\"elementor-icon elementor-social-icon elementor-social-icon-facebook elementor-repeater-item-7e0c504\" href=\"https:\/\/www.facebook.com\/One-People-Story-Com-163471894288820\" target=\"_blank\">\n\t\t\t\t\t\t<span class=\"elementor-screen-only\">Facebook<\/span>\n\t\t\t\t\t\t<i class=\"fab fa-facebook\"><\/i>\t\t\t\t\t<\/a>\n\t\t\t\t<\/span>\n\t\t\t\t\t\t\t<span class=\"elementor-grid-item\">\n\t\t\t\t\t<a class=\"elementor-icon elementor-social-icon elementor-social-icon-youtube elementor-repeater-item-592cc1c\" href=\"https:\/\/www.youtube.com\/channel\/UC2Dk8asKO9xK8gDDv755duQ\" target=\"_blank\">\n\t\t\t\t\t\t<span class=\"elementor-screen-only\">Youtube<\/span>\n\t\t\t\t\t\t<i class=\"fab fa-youtube\"><\/i>\t\t\t\t\t<\/a>\n\t\t\t\t<\/span>\n\t\t\t\t\t<\/div>\n\t\t\t\t\t\t<\/div>\n\t\t\t\t<\/div>\n\t\t\t\t\t<\/div>\n\t\t<\/div>\n\t\t\t\t\t<\/div>\n\t\t<\/section>\n\t\t\t\t<section class=\"elementor-section elementor-top-section elementor-element elementor-element-a6f61a8 elementor-section-boxed elementor-section-height-default elementor-section-height-default\" data-id=\"a6f61a8\" data-element_type=\"section\">\n\t\t\t\t\t\t<div class=\"elementor-container elementor-column-gap-default\">\n\t\t\t\t\t<div class=\"elementor-column elementor-col-100 elementor-top-column elementor-element elementor-element-3cb1924\" data-id=\"3cb1924\" data-element_type=\"column\">\n\t\t\t<div class=\"elementor-widget-wrap\">\n\t\t\t\t\t\t\t<\/div>\n\t\t<\/div>\n\t\t\t\t\t<\/div>\n\t\t<\/section>\n\t\t\t\t<\/div>\n\t\t","protected":false},"excerpt":{"rendered":"<p>Je\u015bli masz jakiekolwiek pytania dotycz\u0105ce produkt\u00f3w w sklepie, napisz do mnie lub zadzwo\u0144 (poniedzia\u0142ek &#8211; pi\u0105tek, w godzinach 9.00 &#8211; 17.00). If you have any questions about the products in the shop, please feel free to email or call me (Monday &#8211; Friday, 9am &#8211; 5pm). +48 506 316 314shop@joannanowicka.com \u00a0 NIP 6342484085 Joanna Nowicka &hellip;<\/p>\n<p class=\"read-more\"> <a class=\"\" href=\"https:\/\/www.joannanowicka.com\/shop\/kontakt\/\"> <span class=\"screen-reader-text\">Kontakt<\/span> Read More &raquo;<\/a><\/p>\n","protected":false},"author":1,"featured_media":0,"parent":0,"menu_order":0,"comment_status":"closed","ping_status":"closed","template":"","meta":{"footnotes":""},"class_list":["post-1158","page","type-page","status-publish","hentry"],"_links":{"self":[{"href":"https:\/\/www.joannanowicka.com\/shop\/wp-json\/wp\/v2\/pages\/1158","targetHints":{"allow":["GET"]}}],"collection":[{"href":"https:\/\/www.joannanowicka.com\/shop\/wp-json\/wp\/v2\/pages"}],"about":[{"href":"https:\/\/www.joannanowicka.com\/shop\/wp-json\/wp\/v2\/types\/page"}],"author":[{"embeddable":true,"href":"https:\/\/www.joannanowicka.com\/shop\/wp-json\/wp\/v2\/users\/1"}],"replies":[{"embeddable":true,"href":"https:\/\/www.joannanowicka.com\/shop\/wp-json\/wp\/v2\/comments?post=1158"}],"version-history":[{"count":25,"href":"https:\/\/www.joannanowicka.com\/shop\/wp-json\/wp\/v2\/pages\/1158\/revisions"}],"predecessor-version":[{"id":1353,"href":"https:\/\/www.joannanowicka.com\/shop\/wp-json\/wp\/v2\/pages\/1158\/revisions\/1353"}],"wp:attachment":[{"href":"https:\/\/www.joannanowicka.com\/shop\/wp-json\/wp\/v2\/media?parent=1158"}],"curies":[{"name":"wp","href":"https:\/\/api.w.org\/{rel}","templated":true}]}}