{"id":1102,"date":"2021-12-04T19:59:25","date_gmt":"2021-12-04T18:59:25","guid":{"rendered":"https:\/\/www.joannanowicka.com\/shop\/?post_type=product&#038;p=1102"},"modified":"2024-05-17T09:27:17","modified_gmt":"2024-05-17T07:27:17","slug":"plakat-poster-urban-yoga-by-joanna-nowicka-com-05","status":"publish","type":"product","link":"https:\/\/www.joannanowicka.com\/shop\/produkt\/plakat-poster-urban-yoga-by-joanna-nowicka-com-05\/","title":{"rendered":"Plakat \/ Poster <br>URBAN YOGA by \u00a9 Joanna Nowicka Com<br> #05"},"content":{"rendered":"","protected":false},"excerpt":{"rendered":"<p>Joga praktykowana w zgie\u0142ku miasta oraz intensywno\u015bci \u017cycia dystansuje od otoczenia, daj\u0105c odpoczynek i wyciszenie. Przynosi d\u0142ugi \u017cyciodajny oddech, spok\u00f3j umys\u0142u oraz sprawno\u015b\u0107 cia\u0142a.<br \/>\nTen z pozoru wykluczaj\u0105cy si\u0119 miks &#8211; joga i miasto \u2013 da\u0142y pocz\u0105tek pomys\u0142owi stworzenia serii plakat\u00f3w URBAN YOGA by \u00a9 Joanna Nowicka Com.<br \/>\nDedykuj\u0119 t\u0119 seri\u0119 entuzjastom pe\u0142nego \u017cycia: aktywnego, obfitego, ale w r\u00f3wnowadze z harmoni\u0105 i cisz\u0105.<br \/>\nFotografia powsta\u0142a w 2021 roku w Katowicach, przy wsp\u00f3\u0142pracy z Ewa Lily Yoga Studio.<\/p>\n<p>Fotografia czarno &#8211; bia\u0142a.<br \/>\nFormat: rozmiar ca\u0142kowity 50&#215;70 cm, pion, bia\u0142a ramka z logotypem.<br \/>\nDruk na papierze matowym, 170 g.<br \/>\nSprzedawany bez oprawy, w tubie.<\/p>\n<p>Pami\u0119taj prosz\u0119, \u017ce moje produkty drukowane s\u0105 w ma\u0142ych nak\u0142adach lub na zam\u00f3wienie, co mo\u017ce wp\u0142yn\u0105\u0107 na termin realizacji wysy\u0142ki.<\/p>\n<hr \/>\n<p><em>Yoga practiced in the noise of the city and the intensity of life distances you from your <\/em><em>surroundings, giving you rest and calmness. It brings long life-giving breath, peace of <\/em><em>mind and fitness to the body.<\/em><br \/>\n<em>This seemingly mutually exclusive mix &#8211; yoga and the city &#8211; gave rise to the idea of <\/em><em>creating the series of posters URBAN YOGA by \u00a9 Joanna Nowicka Com.<\/em><br \/>\n<em>I dedicate this series to enthusiasts of a full life: active, abundant, but in balance with <\/em><em>harmony and silence.<\/em><br \/>\n<em>Photography was created in 2021 in Katowice, Poland, in collaboration with Ewa Lily <\/em><em>Yoga Studio.<\/em><\/p>\n<p><em>Black and white photography.<\/em><br \/>\n<em>Format: full size 50&#215;70 cm, vertical, white frame with logotype.<\/em><br \/>\n<em>Printed on matt paper, 170 g.<\/em><br \/>\n<em>Sold unframed, in a tube.<\/em><\/p>\n<p><em>My products are printed in small runs or to\u00a0order, which may affect the delivery time.<\/em><\/p>\n<p><em>For shipping the product outside Poland, please contact me: shop@joannanowicka.com<\/em><\/p>\n","protected":false},"featured_media":1103,"template":"","meta":[],"product_brand":[],"product_cat":[29],"product_tag":[38,30,36,31,37,39],"class_list":{"0":"post-1102","1":"product","2":"type-product","3":"status-publish","4":"has-post-thumbnail","6":"product_cat-plakaty_posters","7":"product_tag-joga","8":"product_tag-plakat","9":"product_tag-plakaty","10":"product_tag-poster","11":"product_tag-posters","12":"product_tag-yoga","14":"first","15":"instock","16":"shipping-taxable","17":"purchasable","18":"product-type-simple"},"_links":{"self":[{"href":"https:\/\/www.joannanowicka.com\/shop\/wp-json\/wp\/v2\/product\/1102","targetHints":{"allow":["GET"]}}],"collection":[{"href":"https:\/\/www.joannanowicka.com\/shop\/wp-json\/wp\/v2\/product"}],"about":[{"href":"https:\/\/www.joannanowicka.com\/shop\/wp-json\/wp\/v2\/types\/product"}],"wp:featuredmedia":[{"embeddable":true,"href":"https:\/\/www.joannanowicka.com\/shop\/wp-json\/wp\/v2\/media\/1103"}],"wp:attachment":[{"href":"https:\/\/www.joannanowicka.com\/shop\/wp-json\/wp\/v2\/media?parent=1102"}],"wp:term":[{"taxonomy":"product_brand","embeddable":true,"href":"https:\/\/www.joannanowicka.com\/shop\/wp-json\/wp\/v2\/product_brand?post=1102"},{"taxonomy":"product_cat","embeddable":true,"href":"https:\/\/www.joannanowicka.com\/shop\/wp-json\/wp\/v2\/product_cat?post=1102"},{"taxonomy":"product_tag","embeddable":true,"href":"https:\/\/www.joannanowicka.com\/shop\/wp-json\/wp\/v2\/product_tag?post=1102"}],"curies":[{"name":"wp","href":"https:\/\/api.w.org\/{rel}","templated":true}]}}