{"id":1184,"date":"2020-12-09T12:08:34","date_gmt":"2020-12-09T11:08:34","guid":{"rendered":"https:\/\/www.joannanowicka.com\/shop\/?post_type=product&#038;p=1184"},"modified":"2025-08-13T21:54:23","modified_gmt":"2025-08-13T19:54:23","slug":"kartki-postcardsz-serii-one-people-story-from-the-one-people-story-series","status":"publish","type":"product","link":"https:\/\/www.joannanowicka.com\/shop\/produkt\/kartki-postcardsz-serii-one-people-story-from-the-one-people-story-series\/","title":{"rendered":"Kartka \/ Postcard <br>z serii One People Story <br> from the One People Story series #01"},"content":{"rendered":"","protected":false},"excerpt":{"rendered":"<p>#01 Korzenie<br \/>\nW chwili tworzenia ta fotografia mia\u0142a znaczenie jedynie estetyczne. Rok p\u00f3\u017aniej nabra\u0142a dla mnie du\u017co g\u0142\u0119bszego wymiaru. Bohaterk\u0105 jest Puszcza Bia\u0142owieska, zdj\u0119cie zrobi\u0142am w 2015 na kilka miesi\u0119cy przed rozpocz\u0119ciem masowego wycinania tego lasu. Sta\u0142a si\u0119 wi\u0119c symbolem drzewa powalonego, wyrwanego z korzeniami, usuni\u0119tego ze swojego domu. 2015.<\/p>\n<p>Kartka wydrukowana na matowym kartoniku, w rozmiarze 10 x 10 cm, po roz\u0142o\u017ceniu 10 x 20 cm. Front zdobi fotografia, \u015brodek pusty z mo\u017cliwo\u015bci\u0105 zapisania, z ty\u0142u: tytu\u0142 i kontakt.<br \/>\nDo ka\u017cdej kartki bia\u0142a koperta 11 x 11 cm.<\/p>\n<p>Pami\u0119taj prosz\u0119, \u017ce moje produkty drukowane s\u0105 w ma\u0142ych nak\u0142adach lub na zam\u00f3wienie, co mo\u017ce wp\u0142yn\u0105\u0107 na termin realizacji wysy\u0142ki.<\/p>\n<hr \/>\n<p><em>#01 The Roots<\/em><br \/>\n<em>The Roots had only aesthetic significance at the time of creation. A year later it took on a much deeper dimension for me. I took the photo in Bialowieza Forest in 2015, a few months before mass felling of this forest have started. So it became a symbol of a fallen tree, pulled out of its roots, removed from its house. 2015.<\/em><\/p>\n<p><em>Card printed on a matt cardboard, size 10 x 10 cm, folded 10 x 20 cm. Front is decorated with a photograph, middle empty for writing, at the back: title and contact.<\/em><br \/>\n<em>Each card comes with an 11 x 11 cm white envelope.<\/em><\/p>\n<p><em>My products are printed in small runs or to\u00a0order, which may affect the delivery time.<\/em><\/p>\n<p><em>For shipping the product outside Poland, please contact me: shop@joannanowicka.com<\/em><\/p>\n","protected":false},"featured_media":1190,"template":"","meta":[],"product_brand":[],"product_cat":[40],"product_tag":[51,50,41,45,42,46],"class_list":{"0":"post-1184","1":"product","2":"type-product","3":"status-publish","4":"has-post-thumbnail","6":"product_cat-kartki_postcards","7":"product_tag-dreads","8":"product_tag-dredy","9":"product_tag-kartki","10":"product_tag-korzenie","11":"product_tag-postcards","12":"product_tag-roots","14":"first","15":"instock","16":"shipping-taxable","17":"purchasable","18":"product-type-simple"},"_links":{"self":[{"href":"https:\/\/www.joannanowicka.com\/shop\/wp-json\/wp\/v2\/product\/1184","targetHints":{"allow":["GET"]}}],"collection":[{"href":"https:\/\/www.joannanowicka.com\/shop\/wp-json\/wp\/v2\/product"}],"about":[{"href":"https:\/\/www.joannanowicka.com\/shop\/wp-json\/wp\/v2\/types\/product"}],"wp:featuredmedia":[{"embeddable":true,"href":"https:\/\/www.joannanowicka.com\/shop\/wp-json\/wp\/v2\/media\/1190"}],"wp:attachment":[{"href":"https:\/\/www.joannanowicka.com\/shop\/wp-json\/wp\/v2\/media?parent=1184"}],"wp:term":[{"taxonomy":"product_brand","embeddable":true,"href":"https:\/\/www.joannanowicka.com\/shop\/wp-json\/wp\/v2\/product_brand?post=1184"},{"taxonomy":"product_cat","embeddable":true,"href":"https:\/\/www.joannanowicka.com\/shop\/wp-json\/wp\/v2\/product_cat?post=1184"},{"taxonomy":"product_tag","embeddable":true,"href":"https:\/\/www.joannanowicka.com\/shop\/wp-json\/wp\/v2\/product_tag?post=1184"}],"curies":[{"name":"wp","href":"https:\/\/api.w.org\/{rel}","templated":true}]}}