{"id":1244,"date":"2020-01-02T17:46:52","date_gmt":"2020-01-02T16:46:52","guid":{"rendered":"https:\/\/www.joannanowicka.com\/shop\/?post_type=product&#038;p=1244"},"modified":"2025-08-13T21:51:36","modified_gmt":"2025-08-13T19:51:36","slug":"kartka-postcard-z-serii-one-people-story-from-the-one-people-story-series-4","status":"publish","type":"product","link":"https:\/\/www.joannanowicka.com\/shop\/produkt\/kartka-postcard-z-serii-one-people-story-from-the-one-people-story-series-4\/","title":{"rendered":"Kartka \/ Postcard <br>z serii One People Story <br> from the One People Story series #05"},"content":{"rendered":"","protected":false},"excerpt":{"rendered":"<p>#05 Ludzie \/ Londyn<br \/>\nLudzie zgromadzeni na tarasie Tate Modern. 2018.<\/p>\n<p>Kartka wydrukowana na matowym kartoniku, w rozmiarze 10 x 10 cm, po roz\u0142o\u017ceniu 10 x 20 cm. Front zdobi fotografia, \u015brodek pusty z mo\u017cliwo\u015bci\u0105 zapisania, z ty\u0142u: tytu\u0142 i kontakt.<br \/>\nDo ka\u017cdej kartki bia\u0142a koperta 11 x 11 cm.<\/p>\n<p>Pami\u0119taj prosz\u0119, \u017ce moje produkty drukowane s\u0105 w ma\u0142ych nak\u0142adach lub na zam\u00f3wienie, co mo\u017ce wp\u0142yn\u0105\u0107 na termin realizacji wysy\u0142ki.<\/p>\n<hr \/>\n<p><em>#05 People \/ London<\/em><br \/>\n<em>People gathered on the terrace of the Tate Modern. 2018.<\/em><\/p>\n<p><em>Card printed on a matt cardboard, size 10 x 10 cm, folded 10 x 20 cm. Front is decorated with a photograph, middle empty for writing, at the back: title and contact.<\/em><br \/>\n<em>Each card comes with an 11 x 11 cm white envelope.<\/em><\/p>\n<p><em>My products are printed in small runs or to\u00a0order, which may affect the delivery time.<\/em><\/p>\n<p><em>For shipping the product outside Poland, please contact me: shop@joannanowicka.com<\/em><\/p>\n","protected":false},"featured_media":1194,"template":"","meta":[],"product_brand":[],"product_cat":[40],"product_tag":[41,48,47,54,55,42],"class_list":{"0":"post-1244","1":"product","2":"type-product","3":"status-publish","4":"has-post-thumbnail","6":"product_cat-kartki_postcards","7":"product_tag-kartki","8":"product_tag-london","9":"product_tag-londyn","10":"product_tag-ludzie","11":"product_tag-people","12":"product_tag-postcards","14":"first","15":"instock","16":"shipping-taxable","17":"purchasable","18":"product-type-simple"},"_links":{"self":[{"href":"https:\/\/www.joannanowicka.com\/shop\/wp-json\/wp\/v2\/product\/1244","targetHints":{"allow":["GET"]}}],"collection":[{"href":"https:\/\/www.joannanowicka.com\/shop\/wp-json\/wp\/v2\/product"}],"about":[{"href":"https:\/\/www.joannanowicka.com\/shop\/wp-json\/wp\/v2\/types\/product"}],"wp:featuredmedia":[{"embeddable":true,"href":"https:\/\/www.joannanowicka.com\/shop\/wp-json\/wp\/v2\/media\/1194"}],"wp:attachment":[{"href":"https:\/\/www.joannanowicka.com\/shop\/wp-json\/wp\/v2\/media?parent=1244"}],"wp:term":[{"taxonomy":"product_brand","embeddable":true,"href":"https:\/\/www.joannanowicka.com\/shop\/wp-json\/wp\/v2\/product_brand?post=1244"},{"taxonomy":"product_cat","embeddable":true,"href":"https:\/\/www.joannanowicka.com\/shop\/wp-json\/wp\/v2\/product_cat?post=1244"},{"taxonomy":"product_tag","embeddable":true,"href":"https:\/\/www.joannanowicka.com\/shop\/wp-json\/wp\/v2\/product_tag?post=1244"}],"curies":[{"name":"wp","href":"https:\/\/api.w.org\/{rel}","templated":true}]}}