{"id":1304,"date":"2024-05-24T16:40:30","date_gmt":"2024-05-24T14:40:30","guid":{"rendered":"https:\/\/www.joannanowicka.com\/shop\/?post_type=product&#038;p=1304"},"modified":"2026-01-09T14:30:56","modified_gmt":"2026-01-09T13:30:56","slug":"warsztaty-workshops-voucher-fotograficzne-warsztaty-studyjne-solo-photography-studio-workshops-solo","status":"publish","type":"product","link":"https:\/\/www.joannanowicka.com\/shop\/produkt\/warsztaty-workshops-voucher-fotograficzne-warsztaty-studyjne-solo-photography-studio-workshops-solo\/","title":{"rendered":"Warsztaty \/ Workshops \/ Voucher <br> Warsztaty portretu studyjnego \u2013 solo <br> Studio portrait workshops \u2013 solo"},"content":{"rendered":"","protected":false},"excerpt":{"rendered":"<p><strong>Jednodniowe warsztaty studyjne indywidualne dla fotografa amatora lub profesjonalisty<\/strong><br \/>\n<strong>PI\u0118KNI LUDZIE \u2013 unikatowo\u015b\u0107 i prostota portretu<\/strong><\/p>\n<p>Zapraszam Ci\u0119 do mojego Studia Portretowego w Katowicach, odkryj tajniki pracy studyjnej w komfortowych warunkach \u2013 tylko ty, model\/ka i moje wsparcie.<\/p>\n<p>Uwielbiam ludzk\u0105 r\u00f3\u017cnorodno\u015b\u0107, unikatowy zestaw cech, z kt\u00f3rych utkana jest osobowo\u015b\u0107, ultraciekawa mieszkanka, kt\u00f3ra buduje to, co wewn\u0105trz i wyra\u017ca si\u0119 tym, co na zewn\u0105trz. Szczeg\u00f3lno\u015b\u0107, wyj\u0105tkowo\u015b\u0107, witalno\u015b\u0107.<br \/>\nStaram si\u0119 pozna\u0107 i pokaza\u0107 nie tylko powierzchowno\u015b\u0107, ale te\u017c kawa\u0142ek duszy. Wybieram minimalistyczne, monochromatyczne obrazy, prost\u0105 form\u0119, jedno \u017ar\u00f3d\u0142o \u015bwiat\u0142a, by nic nie odci\u0105ga\u0142o uwagi od moich bohater\u00f3w. W taki spos\u00f3b tworz\u0119 Pi\u0119knych Ludzi.<br \/>\nNajwa\u017cniejsza jest uwa\u017cno\u015b\u0107, kt\u00f3ra prowadzi do pr\u00f3by pokazania subtelno\u015bci cech charakteru osoby fotografowanej. Technikalia s\u0105 wa\u017cne, ale wa\u017cniejsze jest czucie i wra\u017cliwo\u015b\u0107, kt\u00f3re sprawiaj\u0105, \u017ce mo\u017cna tworzy\u0107 wyj\u0105tkowe portrety. I o tym przede wszystkim s\u0105 te warsztaty.<br \/>\nPi\u0119knych Ludzi znajdziesz <a href=\"https:\/\/joannanowicka.com\/piekni-ludzie\/\" target=\"_blank\" rel=\"noopener\">TUTAJ<\/a>.<\/p>\n<p>Zapoznaj si\u0119 prosz\u0119 z <strong>programem warsztat\u00f3w<\/strong>, przeczytaj o tym w jakich warunkach b\u0119dziesz tworzy\u0107 i co potrzebujesz, by uczestniczy\u0107 w naszym spotkaniu. Po komplet informacji si\u0119gnij <a href=\"https:\/\/www.joannanowicka.com\/shop\/wp-content\/uploads\/2024\/07\/WARSZTATY-solo-OPIS-PL.pdf\" target=\"_blank\" rel=\"noopener\">TUTAJ<\/a>.<\/p>\n<p><strong>Miejsce:<\/strong> Studio Portretowe Katowice, ul. Wita Stwosza 2.<\/p>\n<p><strong>Bonus:<\/strong> w cenie jest r\u00f3wnie\u017c godzinne spotkanie on-line, w czasie kt\u00f3rego mo\u017cesz zapyta\u0107 o sprawy zwi\u0105zane z tematami poruszanymi na warsztatach. Spotkanie jest dost\u0119pne do 6 miesi\u0119cy od daty warsztat\u00f3w.<\/p>\n<p><strong>Termin warsztat\u00f3w:<\/strong> tu\u017c po dokonaniu przez Ciebie zakupu, znajdziemy najszybszy dogodny termin dla Ciebie i modelki\/a. Organizacja warsztat\u00f3w przypada na dni pomi\u0119dzy poniedzia\u0142kiem i pi\u0105tkiem, mo\u017cliwa tak\u017ce sobota.<\/p>\n<p>Mo\u017cesz otrzyma\u0107 <strong>VOUCHER<\/strong> je\u015bli kupujesz warsztaty w prezencie dla bliskiej Ci osoby, a nie dla siebie.<\/p>\n<p><strong>Termin wa\u017cno\u015bci Vouchera<\/strong>: 6 miesi\u0119cy od daty zakupu. W tym czasie prosz\u0119, by osoba obdarowana skontaktowa\u0142a si\u0119 ze mn\u0105 w celu ustalenia daty warsztat\u00f3w.<\/p>\n<p>Wystawiam faktury.<\/p>\n<hr \/>\n<p><em><strong>One-day solo studio workshops for amateur or professional photographer<\/strong><\/em><br \/>\n<em><strong>BEAUTIFUL PEOPLE &#8211; uniqueness and simplicity of portrait<\/strong><\/em><\/p>\n<p><em>I invite you to my Portrait Studio in Katowice, discover the secrets of studio work in comfortable conditions &#8211; just you, the model and my support.<\/em><\/p>\n<p><em>I love human diversity, the unique set of traits from which personality is woven, the ultra-interesting mix that builds what\u2019s inside and expresses itself with what\u2019s outside. Particularity, uniqueness, vitality.<\/em><br \/>\n<em>I try to explore and show not only the superficiality, but also a piece of the soul. <\/em><br \/>\n<em>I have chosen minimalist, monochrome images, a simple form so that nothing distracts from my characters. This is how I create Beautiful People.<\/em><br \/>\n<em>The most important thing is attentiveness, which leads to trying to show the subtleties of the model&#8217;s character traits . Techniques are important, but more important is the feeling and sensitivity that makes it possible to create outstanding portraits. <\/em><em>And that is what this workshop is primarily about.<\/em><br \/>\n<em>Beautiful People can be found <a href=\"https:\/\/joannanowicka.com\/en\/beautiful-people\/\" target=\"_blank\" rel=\"noopener\">HERE<\/a>.<\/em><\/p>\n<p><em>Please take a look at the <strong>workshops programme<\/strong>, read about how you will create and what you need to participate in our event. <\/em><em>For more go <a href=\"https:\/\/www.joannanowicka.com\/shop\/wp-content\/uploads\/2024\/07\/WORKSHOPS-solo-EN.pdf\" target=\"_blank\" rel=\"noopener\">HERE<\/a>.<\/em><\/p>\n<p><em><strong>Place:<\/strong> Portrait Studio Katowice, 2 Wita Stwosza St.<\/em><\/p>\n<p><em><strong>Bonus<\/strong>: included in the price is an hour-long online meeting where you can ask about issues related to the workshops topic. Is available up to 6 months after the workshops date.<\/em><\/p>\n<p><em><strong>Workshops date:<\/strong> as soon as you have made your purchase, we will find the quickest convenient date for you and the model. Workshops dates are between Monday and Friday, Saturday is also possible.<\/em><\/p>\n<p><em>You can receive a <strong>VOUCHER<\/strong> if you are buying the workshops as a gift for a loved one.<\/em><\/p>\n<p><em><strong>Voucher expiry date<\/strong>: 6 months from the date of payment. Please have the recipient contact me to arrange a date for the workshop.<\/em><\/p>\n<p><em>Invoice available.<\/em><\/p>\n","protected":false},"featured_media":1311,"template":"","meta":[],"product_brand":[],"product_cat":[59,71],"product_tag":[74,73,63,60,72],"class_list":{"0":"post-1304","1":"product","2":"type-product","3":"status-publish","4":"has-post-thumbnail","6":"product_cat-voucher","7":"product_cat-warsztaty-workshops","8":"product_tag-fotografia-portretowa","9":"product_tag-fotografia-studyjna","10":"product_tag-portret","11":"product_tag-voucher","12":"product_tag-warsztaty","14":"first","15":"instock","16":"shipping-taxable","17":"purchasable","18":"product-type-simple"},"_links":{"self":[{"href":"https:\/\/www.joannanowicka.com\/shop\/wp-json\/wp\/v2\/product\/1304","targetHints":{"allow":["GET"]}}],"collection":[{"href":"https:\/\/www.joannanowicka.com\/shop\/wp-json\/wp\/v2\/product"}],"about":[{"href":"https:\/\/www.joannanowicka.com\/shop\/wp-json\/wp\/v2\/types\/product"}],"wp:featuredmedia":[{"embeddable":true,"href":"https:\/\/www.joannanowicka.com\/shop\/wp-json\/wp\/v2\/media\/1311"}],"wp:attachment":[{"href":"https:\/\/www.joannanowicka.com\/shop\/wp-json\/wp\/v2\/media?parent=1304"}],"wp:term":[{"taxonomy":"product_brand","embeddable":true,"href":"https:\/\/www.joannanowicka.com\/shop\/wp-json\/wp\/v2\/product_brand?post=1304"},{"taxonomy":"product_cat","embeddable":true,"href":"https:\/\/www.joannanowicka.com\/shop\/wp-json\/wp\/v2\/product_cat?post=1304"},{"taxonomy":"product_tag","embeddable":true,"href":"https:\/\/www.joannanowicka.com\/shop\/wp-json\/wp\/v2\/product_tag?post=1304"}],"curies":[{"name":"wp","href":"https:\/\/api.w.org\/{rel}","templated":true}]}}