{"id":1347,"date":"2025-07-03T16:58:47","date_gmt":"2025-07-03T14:58:47","guid":{"rendered":"https:\/\/www.joannanowicka.com\/shop\/?post_type=product&#038;p=1347"},"modified":"2026-02-04T09:31:25","modified_gmt":"2026-02-04T08:31:25","slug":"voucher-zaproszenie-na-warsztaty-zobacz-siebie-inaczej-invitation-to-see-yourself-differently-workshops","status":"publish","type":"product","link":"https:\/\/www.joannanowicka.com\/shop\/produkt\/voucher-zaproszenie-na-warsztaty-zobacz-siebie-inaczej-invitation-to-see-yourself-differently-workshops\/","title":{"rendered":"Voucher <br> Zaproszenie na warsztaty Zobacz siebie inaczej <br> Invitation to See Yourself Differently workshops"},"content":{"rendered":"","protected":false},"excerpt":{"rendered":"<p><strong>Unikatowe warsztaty \u201eZobacz siebie inaczej. Jak poczu\u0107 si\u0119 ze sob\u0105 dobrze i polubi\u0107 siebie na zdj\u0119ciach?\u201d w prezencie dla bliskiej ci osoby!<\/strong><\/p>\n<p>Warsztaty s\u0105 Niezwyk\u0142\u0105 Godzin\u0105 Mocy, mog\u0105 by\u0107 doskona\u0142ym wst\u0119pem do sesji zdj\u0119ciowej.<\/p>\n<p>To czas, w kt\u00f3rym osoba obdarowana Voucherem:<br \/>\n&#8211; dowie si\u0119 co wp\u0142ywa na fakt, jak si\u0119 postrzegamy<br \/>\n&#8211; zrozumie czym jest fotogeniczno\u015b\u0107 i asymetryczno\u015b\u0107<br \/>\n&#8211; spr\u00f3buje dogada\u0107 si\u0119 z w\u0142asnym cia\u0142em<br \/>\n&#8211; wykorzysta swoje naturalne zdolno\u015bci<br \/>\n&#8211; poczuje jak rozpu\u015bci\u0107 l\u0119k i napi\u0119cie towarzysz\u0105ce pozowaniu do zdj\u0119\u0107<br \/>\n&#8211; zbuduje pewno\u015b\u0107 siebie przed obiektywem<br \/>\n&#8211; do\u015bwiadczy, by jej portrety sta\u0142y si\u0119 lepsze<\/p>\n<p>Te warsztaty s\u0105 niezwyk\u0142\u0105 okazj\u0105 do zmiany swoich przekona\u0144 dla tych os\u00f3b, kt\u00f3re nie lubi\u0105 siebie na zdj\u0119ciach, w\u0105tpi\u0105 w swoj\u0105 fotogeniczno\u015b\u0107, odczuwaj\u0105 dyskomfort przed obiektywem, a chcia\u0142yby spojrze\u0107 na siebie #\u0141agodnymOkiem.<br \/>\nNajlepsza okazja, by zobaczy\u0107 siebie inaczej, to stan\u0105\u0107 przed obiektywem tu\u017c po warsztatach. Mo\u017cna po\u0142\u0105czy\u0107 warsztaty z dowoln\u0105 sesj\u0105 zdj\u0119ciow\u0105:<\/p>\n<ul>\n<li>sesj\u0105 <a href=\"https:\/\/www.joannanowicka.com\/shop\/produkt\/sesja-portretowa-mini\/\" target=\"_blank\" rel=\"noopener\">MINI<\/a><\/li>\n<li>sesj\u0105 <a href=\"https:\/\/www.joannanowicka.com\/shop\/produkt\/voucher-zaproszenie-sesja-portretowa-art5\/\" target=\"_blank\" rel=\"noopener\">ART5<\/a><\/li>\n<li>sesj\u0105 <a href=\"https:\/\/www.joannanowicka.com\/shop\/produkt\/voucher-zaproszenie-sesja-portretowa-art10\/\" target=\"_blank\" rel=\"noopener\">ART10<\/a><\/li>\n<\/ul>\n<p><strong>Miejsce:<\/strong> Studio Portretowe Katowice.<br \/>\n<strong>Czas warsztat\u00f3w<\/strong>: 1 godzina.<\/p>\n<p><strong>Data wa\u017cno\u015bci vouchera:<\/strong> 6 miesi\u0119cy od\u00a0dnia zakupu.<br \/>\n<strong>Sesje i warsztaty realizuj\u0119<\/strong> od\u00a0poniedzia\u0142ku do\u00a0pi\u0105tku.<\/p>\n<p>Voucher ma\u00a0posta\u0107 wydruku w\u00a0formacie 10\u00d715 cm, zapakowany w\u00a0czarn\u0105 kopert\u0119.<\/p>\n<p>Wystawiam faktury.<\/p>\n<p>&nbsp;<\/p>\n<hr \/>\n<p><em><strong>A unique workshop: \u201eSee Yourself Differently. How to Feel Good About Yourself and Like Yourself in Photos\u201d as a gift for a loved one!<\/strong><\/em><\/p>\n<p><em>This workshop is an Extraordinary Hour of Power \u2014 can be the perfect introduction to a photo session.<\/em><\/p>\n<p><em>It\u2019s a special moment when the person receiving the voucher will:<\/em><br \/>\n<em>&#8211; discover why they see themselves the way they do<\/em><br \/>\n<em>&#8211; understand what photogenicity and asymmetry really mean<\/em><br \/>\n<em>&#8211; begin to accept and appreciate their body<\/em><br \/>\n<em>&#8211; tap into their natural strengths<\/em><br \/>\n<em>&#8211; learn how to dissolve the fear and tension that often come with posing for photos<\/em><br \/>\n<em>&#8211; build confidence in front of the camera<\/em><br \/>\n<em>&#8211; experiences to make their portraits better<\/em><br \/>\n<em>&#8211; experiences to make their portraits better<\/em><\/p>\n<p><em>This workshop is an amazing opportunity to change their beliefs for those people who don&#8217;t like themselves in photos, doubt their photogenic nature, feel uncomfortable in front of the lens and want to look at themselves with a kind eye.<\/em><br \/>\n<em>The best opportunity to see yourself differently is to step in front of the lens straight away, combining the workshop with any photo session:<\/em><br \/>\n<em>&#8211; <a href=\"https:\/\/www.joannanowicka.com\/shop\/produkt\/sesja-portretowa-mini\/\" target=\"_blank\" rel=\"noopener\">MINI<\/a><\/em><br \/>\n<em>&#8211; <a href=\"https:\/\/www.joannanowicka.com\/shop\/produkt\/voucher-zaproszenie-sesja-portretowa-art5\/\" target=\"_blank\" rel=\"noopener\">ART5<\/a><\/em><br \/>\n<em>&#8211; <a href=\"https:\/\/www.joannanowicka.com\/shop\/produkt\/voucher-zaproszenie-sesja-portretowa-art10\/\" target=\"_blank\" rel=\"noopener\">ART10<\/a><\/em><\/p>\n<p><em><strong>Place:<\/strong> Portrait Studio Katowice.<\/em><br \/>\n<em><strong>Workshop time:<\/strong> one hour.<\/em><\/p>\n<p><em><strong>Expiry date of voucher:<\/strong> 6 months from the date of payment.<\/em><\/p>\n<p><em><strong>Shooting and workshops are carried out<\/strong> from Monday to\u00a0Friday.<\/em><\/p>\n<p><em>The voucher is a\u00a010\u00d715 cm\u00a0print, packed in\u00a0a\u00a0black envelope.<\/em><\/p>\n<p><em>Invoice available.<\/em><\/p>\n<p>&nbsp;<\/p>\n","protected":false},"featured_media":1348,"template":"","meta":[],"product_brand":[],"product_cat":[78,59,71],"product_tag":[75,76],"class_list":{"0":"post-1347","1":"product","2":"type-product","3":"status-publish","4":"has-post-thumbnail","6":"product_cat-sesje-rozwojowe-growth-sessions","7":"product_cat-voucher","8":"product_cat-warsztaty-workshops","9":"product_tag-lagodnymokiem","10":"product_tag-pewnoscsiebie","12":"first","13":"instock","14":"shipping-taxable","15":"purchasable","16":"product-type-simple"},"_links":{"self":[{"href":"https:\/\/www.joannanowicka.com\/shop\/wp-json\/wp\/v2\/product\/1347","targetHints":{"allow":["GET"]}}],"collection":[{"href":"https:\/\/www.joannanowicka.com\/shop\/wp-json\/wp\/v2\/product"}],"about":[{"href":"https:\/\/www.joannanowicka.com\/shop\/wp-json\/wp\/v2\/types\/product"}],"wp:featuredmedia":[{"embeddable":true,"href":"https:\/\/www.joannanowicka.com\/shop\/wp-json\/wp\/v2\/media\/1348"}],"wp:attachment":[{"href":"https:\/\/www.joannanowicka.com\/shop\/wp-json\/wp\/v2\/media?parent=1347"}],"wp:term":[{"taxonomy":"product_brand","embeddable":true,"href":"https:\/\/www.joannanowicka.com\/shop\/wp-json\/wp\/v2\/product_brand?post=1347"},{"taxonomy":"product_cat","embeddable":true,"href":"https:\/\/www.joannanowicka.com\/shop\/wp-json\/wp\/v2\/product_cat?post=1347"},{"taxonomy":"product_tag","embeddable":true,"href":"https:\/\/www.joannanowicka.com\/shop\/wp-json\/wp\/v2\/product_tag?post=1347"}],"curies":[{"name":"wp","href":"https:\/\/api.w.org\/{rel}","templated":true}]}}