{"id":1403,"date":"2025-08-13T11:14:48","date_gmt":"2025-08-13T09:14:48","guid":{"rendered":"https:\/\/www.joannanowicka.com\/shop\/?post_type=product&#038;p=1403"},"modified":"2026-02-26T20:00:23","modified_gmt":"2026-02-26T19:00:23","slug":"mentoring-trzy-spotkania-wsparcie-w-rozwoju-dla-fotografow-i-tworcow-kreatywnych","status":"publish","type":"product","link":"https:\/\/www.joannanowicka.com\/shop\/produkt\/mentoring-trzy-spotkania-wsparcie-w-rozwoju-dla-fotografow-i-tworcow-kreatywnych\/","title":{"rendered":"Mentoring &#8211; pakiet 3 spotka\u0144 <br> Wsparcie w rozwoju dla fotograf\u00f3w i tw\u00f3rc\u00f3w kreatywnych"},"content":{"rendered":"","protected":false},"excerpt":{"rendered":"<p><strong>Z\u0142ap ostro\u015b\u0107! Priorytety, plan, portfolio.<\/strong><br \/>\n<strong>Mentoring \/ sesje rozwojowe w pakiecie trzech spotka\u0144 &#8211; wsparcie dla fotograf\u00f3w i tw\u00f3rc\u00f3w kreatywnych.<\/strong><\/p>\n<p><strong>Czas trwania spotkania:<\/strong> do 1,5 godziny<br \/>\n<strong>Forma:<\/strong> trzy spotkania online 1:1, co dwa tygodnie<\/p>\n<p>&nbsp;<\/p>\n<p>Jeste\u015b fotografem, graficzk\u0105, r\u0119kodzielnikiem, malark\u0105, projektantem, jogink\u0105, muzykiem, florystk\u0105?<\/p>\n<p>Rozwijasz pasj\u0119?<br \/>\nIdziesz z hobby do biznesu?<br \/>\nJeste\u015b na starcie lub w zawieszeniu?<br \/>\nChcesz wej\u015b\u0107 na wy\u017cszy poziom?<br \/>\nSzukasz kierunku, porz\u0105dku, nie wiesz jak ruszy\u0107 dalej?<br \/>\nZastanawiasz si\u0119 jak profesjonalnie zaprezentowa\u0107 swoje portfolio?<\/p>\n<p>&nbsp;<\/p>\n<p><strong>Chcesz rozwija\u0107 swoj\u0105 pasj\u0119?<\/strong> Czujesz, \u017ce jeste\u015b gotowa\/y zaprezentowa\u0107 swoj\u0105 tw\u00f3rczo\u015b\u0107 szerszej publiczno\u015bci i chcesz skonsultowa\u0107 swoje portfolio? O fotografii porozmawiamy szczeg\u00f3\u0142owo &#8211; np. korekta uj\u0119\u0107, budowanie cyklu zdj\u0119ciowego, z tw\u00f3rcami innych bran\u017c przeanalizujemy spos\u00f3b prezencji, estetyk\u0119, komunikacj\u0119.<\/p>\n<p><strong>Chcesz budowa\u0107 biznes w bran\u017cy kreatywnej?<\/strong> To oznacza, \u017ce twoja pasja sta\u0142a si\u0119 zawodem.<br \/>\n\u2022 Od tego momentu traktujesz efekt tworzenia jako produkt na sprzeda\u017c, pracujesz nad jako\u015bci\u0105 swojej us\u0142ugi.<br \/>\n\u2022 Starasz si\u0119 pozyska\u0107 nowych klient\u00f3w i dbasz o odpowiedni\u0105 ich obs\u0142ug\u0119.<br \/>\n\u2022 Ogarniasz tematy zwi\u0105zane z ofert\u0105, cennikami, biznesowym portfolio.<br \/>\n\u2022 Budujesz mark\u0119 osobist\u0105, dbasz o widoczno\u015b\u0107, komunikujesz si\u0119 ze swoimi odbiorcami.<br \/>\n\u2022 Prowadzisz swoje biuro wraz z korespondencj\u0105, umowami i sprawami finansowymi.<\/p>\n<p>W\u0105tk\u00f3w jest bardzo du\u017co, ale spokojnie. Opowiesz o tym, co w twoim rozwoju jest dla ciebie najwa\u017cniejsze. Przejdziemy razem od chaosu do klarowno\u015bci. P\u00f3jdziesz t\u0105 drog\u0105 m\u0105drze, \u015bwiadomie i w zgodzie ze sob\u0105.<\/p>\n<p>&nbsp;<\/p>\n<p><strong>Jak si\u0119 um\u00f3wi\u0107?<\/strong><br \/>\n\u2022 Zadzwo\u0144 lub napisz, by si\u0119 um\u00f3wi\u0107 na dogodny dla ciebie termin<\/p>\n<p><strong>Na 3 dni przed terminem pierwszego spotkania:<\/strong><br \/>\n\u2022 Przemy\u015bl tematy do rozmowy<br \/>\n\u2022 Wy\u015blij mi adresy miejsc, gdzie mo\u017cna ci\u0119 znale\u017a\u0107 w sieci, portfolio, inne materia\u0142y<br \/>\n\u2022 Dokonaj p\u0142atno\u015bci<\/p>\n<p><strong>Po ostatnim spotkaniu<\/strong>:<br \/>\n\u2022 Dostajesz mailem podsumowanie naszych rozm\u00f3w + linki do publikacji, podcast\u00f3w, ksi\u0105\u017cek, w kt\u00f3rych znajdziesz inspiracje<\/p>\n<p>&nbsp;<\/p>\n<p><strong>Kim jestem?<\/strong><\/p>\n<p>Prowadz\u0119 swoj\u0105 dzia\u0142alno\u015b\u0107 fotograficzn\u0105 od 25 lat, w tym 20 zawodowo. Przesz\u0142am proces zmiany od pasjonatki do profesjonalistki, zwalniaj\u0105c si\u0119 z etatu i zak\u0142adaj\u0105c w 2006 roku swoj\u0105 firm\u0119.<br \/>\nNa przestrzeni tych lat kilka razy zmieni\u0142am profil swojej dzia\u0142alno\u015bci. Od fotografii prasowej dla medi\u00f3w, przez reporta\u017c komercyjny dla firm, fotografi\u0119 architektury i wn\u0119trz dla inwestor\u00f3w, po fotografi\u0119 portretow\u0105 wizerunkow\u0105 i ART. W\u0142a\u015bnie z powodu tej ostatniej otworzy\u0142am w 2018 roku swoje Studio Portretowe w \u015br\u00f3dmie\u015bciu Katowic.<br \/>\nCoraz wi\u0119cej dzia\u0142am te\u017c na polu edukacji. W 2026 roku, semestrze letnim, prowadz\u0119 pracowni\u0119 fotografii u\u017cytkowej dla student\u00f3w drugiego roku Fotografii i kreacji obrazu wizualnego Wydzia\u0142u Sztuki Uniwersytetu Jana D\u0142ugosza w Cz\u0119stochowie.<br \/>\nNowe umiej\u0119tno\u015bci pracy z obrazem, nabyte w czasie studi\u00f3w podyplomowych Fotografia w terapii i rozwoju osobistym na Akademii G\u00f3rno\u015bl\u0105skiej w Katowicach, stosuj\u0119 w organizowanych przez siebie warsztatach oraz sesjach mentoringowych.<br \/>\nMoja droga to pasmo sukces\u00f3w, dokona\u0144 i rozwoju, ale r\u00f3wnie\u017c wyzwa\u0144, trudno\u015bci i wypalenia zawodowego, z powodu kt\u00f3rego prawie wycofa\u0142am si\u0119 z bran\u017cy. Znam pe\u0142n\u0105 palet\u0119 barw w tej dzia\u0142alno\u015bci.<br \/>\nCh\u0119tnie wespr\u0119 tw\u00f3j rozw\u00f3j, mam spore do\u015bwiadczenie, b\u0119d\u0105ce wynikiem ponad dw\u00f3ch dekad \u017cycia z fotografi\u0105.<\/p>\n<p>&nbsp;<\/p>\n<p><strong>Sesje mentoringowe odbywaj\u0105 si\u0119<\/strong> od poniedzia\u0142ku do pi\u0105tku.<\/p>\n<p>Wystawiam faktury.<\/p>\n","protected":false},"featured_media":1401,"template":"","meta":[],"product_brand":[],"product_cat":[78],"product_tag":[79],"class_list":{"0":"post-1403","1":"product","2":"type-product","3":"status-publish","4":"has-post-thumbnail","6":"product_cat-sesje-rozwojowe-growth-sessions","7":"product_tag-rozwoj-osobisty","9":"first","10":"instock","11":"shipping-taxable","12":"purchasable","13":"product-type-simple"},"_links":{"self":[{"href":"https:\/\/www.joannanowicka.com\/shop\/wp-json\/wp\/v2\/product\/1403","targetHints":{"allow":["GET"]}}],"collection":[{"href":"https:\/\/www.joannanowicka.com\/shop\/wp-json\/wp\/v2\/product"}],"about":[{"href":"https:\/\/www.joannanowicka.com\/shop\/wp-json\/wp\/v2\/types\/product"}],"wp:featuredmedia":[{"embeddable":true,"href":"https:\/\/www.joannanowicka.com\/shop\/wp-json\/wp\/v2\/media\/1401"}],"wp:attachment":[{"href":"https:\/\/www.joannanowicka.com\/shop\/wp-json\/wp\/v2\/media?parent=1403"}],"wp:term":[{"taxonomy":"product_brand","embeddable":true,"href":"https:\/\/www.joannanowicka.com\/shop\/wp-json\/wp\/v2\/product_brand?post=1403"},{"taxonomy":"product_cat","embeddable":true,"href":"https:\/\/www.joannanowicka.com\/shop\/wp-json\/wp\/v2\/product_cat?post=1403"},{"taxonomy":"product_tag","embeddable":true,"href":"https:\/\/www.joannanowicka.com\/shop\/wp-json\/wp\/v2\/product_tag?post=1403"}],"curies":[{"name":"wp","href":"https:\/\/api.w.org\/{rel}","templated":true}]}}